{"id":14534,"date":"2017-08-21T10:14:36","date_gmt":"2017-08-21T10:14:36","guid":{"rendered":"https:\/\/www.zav-zdruzenje.si\/clanice\/"},"modified":"2026-03-31T13:32:39","modified_gmt":"2026-03-31T11:32:39","slug":"members","status":"publish","type":"page","link":"https:\/\/www.zav-zdruzenje.si\/en\/association\/members\/","title":{"rendered":"Members"},"content":{"rendered":"\n<style type=\"text\/css\" data-created_by=\"avia_inline_auto\" id=\"style-css-av-av_section-72e4da4b37dbe8b5a28012fc115beaae\">\n.avia-section.av-av_section-72e4da4b37dbe8b5a28012fc115beaae{\nbackground-color:#ededed;\nbackground-image:unset;\n}\n<\/style>\n<div id='clanice'  class='avia-section av-av_section-72e4da4b37dbe8b5a28012fc115beaae main_color avia-section-no-padding avia-no-border-styling  avia-builder-el-0  avia-builder-el-no-sibling  avia-bg-style-scroll container_wrap sidebar_right'  ><div class='container av-section-cont-open' ><main  role=\"main\" itemprop=\"mainContentOfPage\"  class='template-page content  av-content-small alpha units'><div class='post-entry post-entry-type-page post-entry-14534'><div class='entry-content-wrapper clearfix'>\n<section  class='av_textblock_section av-av_textblock-92865574bbbf40484af518887a759fd2 '   itemscope=\"itemscope\" itemtype=\"https:\/\/schema.org\/CreativeWork\" ><div class='avia_textblock smaller-width'  itemprop=\"text\" ><h1 id=\"members\">Members<\/h1>\n<p>The Slovenian Insurance Association includes 24 members.<\/p>\n<h3 id=\"regular-members\">Regular members<\/h3>\n<\/div><\/section>\n<section  class='av_textblock_section av-av_textblock-2bd894dbf2e4bf2c4acf98ce4fbf94aa '   itemscope=\"itemscope\" itemtype=\"https:\/\/schema.org\/CreativeWork\" ><div class='avia_textblock'  itemprop=\"text\" ><div class='sortby-wrapper'><span>Razvrsti po<\/span><select><option  value='1'>imenu od A do \u017d<\/option><option  value='2'>imenu od \u017d do A<\/option><option  value='3'>letu pridru\u017eitve - novej\u0161i naprej<\/option><option  value='4'>letu pridru\u017eitve - starej\u0161i naprej<\/option><\/select><\/div>\n<div class='seznam-clanice'><a href='https:\/\/www.zav-zdruzenje.si\/en\/clanice\/allianz-zagreb-d-d\/' class='clanica-wrapper'><div class='clanica-naslov'>Allianz Slovenija, zavarovalna podru\u017enica<\/div><div class='clanica-slika-wrapper'><img loading=\"lazy\" decoding=\"async\" width=\"200\" height=\"50\" src=\"https:\/\/www.zav-zdruzenje.si\/wp-content\/uploads\/2018\/02\/AZ_Logo_positive_RGB-200x50.png\" class=\"attachment-logo size-logo\" alt=\"\" srcset=\"https:\/\/www.zav-zdruzenje.si\/wp-content\/uploads\/2018\/02\/AZ_Logo_positive_RGB-200x50.png 200w, https:\/\/www.zav-zdruzenje.si\/wp-content\/uploads\/2018\/02\/AZ_Logo_positive_RGB-300x74.png 300w, https:\/\/www.zav-zdruzenje.si\/wp-content\/uploads\/2018\/02\/AZ_Logo_positive_RGB-1030x255.png 1030w, https:\/\/www.zav-zdruzenje.si\/wp-content\/uploads\/2018\/02\/AZ_Logo_positive_RGB-859x213.png 859w, https:\/\/www.zav-zdruzenje.si\/wp-content\/uploads\/2018\/02\/AZ_Logo_positive_RGB.png 1666w\" sizes=\"auto, (max-width: 200px) 100vw, 200px\" \/><\/div><\/a><a href='https:\/\/www.zav-zdruzenje.si\/en\/clanice\/arag-se-zavarovalnica-pravne-zascite-podruznica-v-sloveniji\/' class='clanica-wrapper'><div class='clanica-naslov'>ARAG SE \u2013 Zavarovalnica pravne za\u0161\u010dite podru\u017enica v Sloveniji<\/div><div class='clanica-slika-wrapper'><img loading=\"lazy\" decoding=\"async\" width=\"85\" height=\"85\" src=\"https:\/\/www.zav-zdruzenje.si\/wp-content\/uploads\/2017\/08\/arag.png\" class=\"attachment-logo size-logo\" alt=\"\" srcset=\"https:\/\/www.zav-zdruzenje.si\/wp-content\/uploads\/2017\/08\/arag.png 85w, https:\/\/www.zav-zdruzenje.si\/wp-content\/uploads\/2017\/08\/arag-80x80.png 80w, https:\/\/www.zav-zdruzenje.si\/wp-content\/uploads\/2017\/08\/arag-36x36.png 36w\" sizes=\"auto, (max-width: 85px) 100vw, 85px\" \/><\/div><\/a><a href='https:\/\/www.zav-zdruzenje.si\/en\/clanice\/avrio-zavarovalnica-obrtnikov-podjetnikov-d-d\/' class='clanica-wrapper'><div class='clanica-naslov'>Avrio zavarovalnica obrtnikov in podjetnikov, d. d.<\/div><div class='clanica-slika-wrapper'><img loading=\"lazy\" decoding=\"async\" width=\"200\" height=\"141\" src=\"https:\/\/www.zav-zdruzenje.si\/wp-content\/uploads\/2021\/02\/Avrio_dd-200x141.jpg\" class=\"attachment-logo size-logo\" alt=\"\" srcset=\"https:\/\/www.zav-zdruzenje.si\/wp-content\/uploads\/2021\/02\/Avrio_dd-200x141.jpg 200w, https:\/\/www.zav-zdruzenje.si\/wp-content\/uploads\/2021\/02\/Avrio_dd-300x212.jpg 300w, https:\/\/www.zav-zdruzenje.si\/wp-content\/uploads\/2021\/02\/Avrio_dd-1030x728.jpg 1030w, https:\/\/www.zav-zdruzenje.si\/wp-content\/uploads\/2021\/02\/Avrio_dd-301x213.jpg 301w\" sizes=\"auto, (max-width: 200px) 100vw, 200px\" \/><\/div><\/a><a href='https:\/\/www.zav-zdruzenje.si\/en\/clanice\/sid-prva-kreditna-zavarovalnica-d-d\/' class='clanica-wrapper'><div class='clanica-naslov'>COFACE, podru\u017enica v Sloveniji<\/div><div class='clanica-slika-wrapper'><img loading=\"lazy\" decoding=\"async\" width=\"200\" height=\"90\" src=\"https:\/\/www.zav-zdruzenje.si\/wp-content\/uploads\/2017\/01\/Coface-PKZ-Logo-green-e1560409075198-200x90.jpg\" class=\"attachment-logo size-logo\" alt=\"\" srcset=\"https:\/\/www.zav-zdruzenje.si\/wp-content\/uploads\/2017\/01\/Coface-PKZ-Logo-green-e1560409075198-200x90.jpg 200w, https:\/\/www.zav-zdruzenje.si\/wp-content\/uploads\/2017\/01\/Coface-PKZ-Logo-green-e1560409075198-300x135.jpg 300w, https:\/\/www.zav-zdruzenje.si\/wp-content\/uploads\/2017\/01\/Coface-PKZ-Logo-green-e1560409075198-1030x465.jpg 1030w, https:\/\/www.zav-zdruzenje.si\/wp-content\/uploads\/2017\/01\/Coface-PKZ-Logo-green-e1560409075198-472x213.jpg 472w\" sizes=\"auto, (max-width: 200px) 100vw, 200px\" \/><\/div><\/a><a href='https:\/\/www.zav-zdruzenje.si\/en\/clanice\/generali-zavarovalnica-d-d\/' class='clanica-wrapper'><div class='clanica-naslov'>GENERALI zavarovalnica, d. d.<\/div><div class='clanica-slika-wrapper'><img loading=\"lazy\" decoding=\"async\" width=\"116\" height=\"95\" src=\"https:\/\/www.zav-zdruzenje.si\/wp-content\/uploads\/2017\/08\/generali.png\" class=\"attachment-logo size-logo\" alt=\"\" \/><\/div><\/a><a href='https:\/\/www.zav-zdruzenje.si\/en\/clanice\/grawe-zavarovalnica-d-d\/' class='clanica-wrapper'><div class='clanica-naslov'>GRAWE Zavarovalnica, d. d.<\/div><div class='clanica-slika-wrapper'><img loading=\"lazy\" decoding=\"async\" width=\"200\" height=\"77\" src=\"https:\/\/www.zav-zdruzenje.si\/wp-content\/uploads\/2017\/08\/grawe-200x77.png\" class=\"attachment-logo size-logo\" alt=\"\" srcset=\"https:\/\/www.zav-zdruzenje.si\/wp-content\/uploads\/2017\/08\/grawe-200x77.png 200w, https:\/\/www.zav-zdruzenje.si\/wp-content\/uploads\/2017\/08\/grawe-300x116.png 300w, https:\/\/www.zav-zdruzenje.si\/wp-content\/uploads\/2017\/08\/grawe-552x213.png 552w, https:\/\/www.zav-zdruzenje.si\/wp-content\/uploads\/2017\/08\/grawe.png 982w\" sizes=\"auto, (max-width: 200px) 100vw, 200px\" \/><\/div><\/a><a href='https:\/\/www.zav-zdruzenje.si\/en\/clanice\/groupama-biztosito-zartkoruen-mukodo-reszvenytarsasag-zavarovalnica-podruznica\/' class='clanica-wrapper'><div class='clanica-naslov'>Groupama Zavarovalnica, podru\u017enica<\/div><div class='clanica-slika-wrapper'><img loading=\"lazy\" decoding=\"async\" width=\"200\" height=\"81\" src=\"https:\/\/www.zav-zdruzenje.si\/wp-content\/uploads\/2022\/07\/Groupama-200x81.png\" class=\"attachment-logo size-logo\" alt=\"\" srcset=\"https:\/\/www.zav-zdruzenje.si\/wp-content\/uploads\/2022\/07\/Groupama-200x81.png 200w, https:\/\/www.zav-zdruzenje.si\/wp-content\/uploads\/2022\/07\/Groupama-300x122.png 300w, https:\/\/www.zav-zdruzenje.si\/wp-content\/uploads\/2022\/07\/Groupama-523x213.png 523w, https:\/\/www.zav-zdruzenje.si\/wp-content\/uploads\/2022\/07\/Groupama.png 685w\" sizes=\"auto, (max-width: 200px) 100vw, 200px\" \/><\/div><\/a><a href='https:\/\/www.zav-zdruzenje.si\/en\/clanice\/merkur-zavarovalnica-d-d\/' class='clanica-wrapper'><div class='clanica-naslov'>Merkur zavarovalnica, d. d.<\/div><div class='clanica-slika-wrapper'><img loading=\"lazy\" decoding=\"async\" width=\"155\" height=\"97\" src=\"https:\/\/www.zav-zdruzenje.si\/wp-content\/uploads\/2017\/08\/merkur.png\" class=\"attachment-logo size-logo\" alt=\"\" \/><\/div><\/a><a href='https:\/\/www.zav-zdruzenje.si\/en\/clanice\/modra-zavarovalnica-d-d\/' class='clanica-wrapper'><div class='clanica-naslov'>Modra zavarovalnica, d. d.<\/div><div class='clanica-slika-wrapper'><img loading=\"lazy\" decoding=\"async\" width=\"200\" height=\"122\" src=\"https:\/\/www.zav-zdruzenje.si\/wp-content\/uploads\/2017\/08\/modra-200x122.png\" class=\"attachment-logo size-logo\" alt=\"\" srcset=\"https:\/\/www.zav-zdruzenje.si\/wp-content\/uploads\/2017\/08\/modra-200x122.png 200w, https:\/\/www.zav-zdruzenje.si\/wp-content\/uploads\/2017\/08\/modra-300x184.png 300w, https:\/\/www.zav-zdruzenje.si\/wp-content\/uploads\/2017\/08\/modra-348x213.png 348w, https:\/\/www.zav-zdruzenje.si\/wp-content\/uploads\/2017\/08\/modra.png 544w\" sizes=\"auto, (max-width: 200px) 100vw, 200px\" \/><\/div><\/a><a href='https:\/\/www.zav-zdruzenje.si\/en\/clanice\/pozavarovalnica-triglav-re-d-d\/' class='clanica-wrapper'><div class='clanica-naslov'>Pozavarovalnica Triglav Re, d. d.<\/div><div class='clanica-slika-wrapper'><img loading=\"lazy\" decoding=\"async\" width=\"200\" height=\"42\" src=\"https:\/\/www.zav-zdruzenje.si\/wp-content\/uploads\/2017\/08\/triglav-re-200x42.png\" class=\"attachment-logo size-logo\" alt=\"\" srcset=\"https:\/\/www.zav-zdruzenje.si\/wp-content\/uploads\/2017\/08\/triglav-re-200x42.png 200w, https:\/\/www.zav-zdruzenje.si\/wp-content\/uploads\/2017\/08\/triglav-re.png 220w\" sizes=\"auto, (max-width: 200px) 100vw, 200px\" \/><\/div><\/a><a href='https:\/\/www.zav-zdruzenje.si\/en\/clanice\/prva-osebna-zavarovalnica-d-d\/' class='clanica-wrapper'><div class='clanica-naslov'>PRVA, personal insurance company Plc<\/div><div class='clanica-slika-wrapper'><img loading=\"lazy\" decoding=\"async\" width=\"200\" height=\"50\" src=\"https:\/\/www.zav-zdruzenje.si\/wp-content\/uploads\/2017\/08\/POZ-200x50.png\" class=\"attachment-logo size-logo\" alt=\"\" srcset=\"https:\/\/www.zav-zdruzenje.si\/wp-content\/uploads\/2017\/08\/POZ-200x50.png 200w, https:\/\/www.zav-zdruzenje.si\/wp-content\/uploads\/2017\/08\/POZ.png 220w\" sizes=\"auto, (max-width: 200px) 100vw, 200px\" \/><\/div><\/a><a href='https:\/\/www.zav-zdruzenje.si\/en\/clanice\/sava-pokojninska-druzba-d-d\/' class='clanica-wrapper'><div class='clanica-naslov'>Sava pokojninska dru\u017eba, d.d.<\/div><div class='clanica-slika-wrapper'><img loading=\"lazy\" decoding=\"async\" width=\"200\" height=\"93\" src=\"https:\/\/www.zav-zdruzenje.si\/wp-content\/uploads\/2025\/01\/Logo_SAVA_pokojninska_Pantone-pdf.jpg\" class=\"attachment-logo size-logo\" alt=\"\" \/><\/div><\/a><a href='https:\/\/www.zav-zdruzenje.si\/en\/clanice\/pozavarovalnica-sava-d-d\/' class='clanica-wrapper'><div class='clanica-naslov'>Sava Reinsurance Company\u00a0d.\u00a0d.<\/div><div class='clanica-slika-wrapper'><img loading=\"lazy\" decoding=\"async\" width=\"200\" height=\"60\" src=\"https:\/\/www.zav-zdruzenje.si\/wp-content\/uploads\/2017\/08\/savare-200x60.png\" class=\"attachment-logo size-logo\" alt=\"\" srcset=\"https:\/\/www.zav-zdruzenje.si\/wp-content\/uploads\/2017\/08\/savare-200x60.png 200w, https:\/\/www.zav-zdruzenje.si\/wp-content\/uploads\/2017\/08\/savare.png 221w\" sizes=\"auto, (max-width: 200px) 100vw, 200px\" \/><\/div><\/a><a href='https:\/\/www.zav-zdruzenje.si\/en\/clanice\/skupna-pokojninska-druzba-d-d\/' class='clanica-wrapper'><div class='clanica-naslov'>Triglav, pokojninska dru\u017eba, d. d.<\/div><div class='clanica-slika-wrapper'><img loading=\"lazy\" decoding=\"async\" width=\"200\" height=\"33\" src=\"https:\/\/www.zav-zdruzenje.si\/wp-content\/uploads\/2017\/08\/TPD-1-200x33.png\" class=\"attachment-logo size-logo\" alt=\"\" \/><\/div><\/a><a href='https:\/\/www.zav-zdruzenje.si\/en\/clanice\/nlb-vita-zivljenjska-zavarovalnica-d-d\/' class='clanica-wrapper'><div class='clanica-naslov'>Vita, \u017eivljenjska zavarovalnica d. d.<\/div><div class='clanica-slika-wrapper'><img loading=\"lazy\" decoding=\"async\" width=\"200\" height=\"80\" src=\"https:\/\/www.zav-zdruzenje.si\/wp-content\/uploads\/2017\/08\/nlb-200x80.png\" class=\"attachment-logo size-logo\" alt=\"\" srcset=\"https:\/\/www.zav-zdruzenje.si\/wp-content\/uploads\/2017\/08\/nlb-200x80.png 200w, https:\/\/www.zav-zdruzenje.si\/wp-content\/uploads\/2017\/08\/nlb-300x120.png 300w, https:\/\/www.zav-zdruzenje.si\/wp-content\/uploads\/2017\/08\/nlb.png 321w\" sizes=\"auto, (max-width: 200px) 100vw, 200px\" \/><\/div><\/a><a href='https:\/\/www.zav-zdruzenje.si\/en\/clanice\/vzajemna-zdravstvena-zavarovalnica-d-v-z\/' class='clanica-wrapper'><div class='clanica-naslov'>Vzajemna zdravstvena zavarovalnica d. d.<\/div><div class='clanica-slika-wrapper'><img loading=\"lazy\" decoding=\"async\" width=\"200\" height=\"56\" src=\"https:\/\/www.zav-zdruzenje.si\/wp-content\/uploads\/2021\/03\/VZ_LOGO_sekundarni_CMYK-200x56.png\" class=\"attachment-logo size-logo\" alt=\"\" srcset=\"https:\/\/www.zav-zdruzenje.si\/wp-content\/uploads\/2021\/03\/VZ_LOGO_sekundarni_CMYK-200x56.png 200w, https:\/\/www.zav-zdruzenje.si\/wp-content\/uploads\/2021\/03\/VZ_LOGO_sekundarni_CMYK-300x83.png 300w, https:\/\/www.zav-zdruzenje.si\/wp-content\/uploads\/2021\/03\/VZ_LOGO_sekundarni_CMYK.png 724w\" sizes=\"auto, (max-width: 200px) 100vw, 200px\" \/><\/div><\/a><a href='https:\/\/www.zav-zdruzenje.si\/en\/clanice\/wiener-stadtische-zavarovalnica-podruznica-v-ljubljani\/' class='clanica-wrapper'><div class='clanica-naslov'>Wiener St\u00e4dtische zavarovalnica, podru\u017enica v Ljubljani<\/div><div class='clanica-slika-wrapper'><img loading=\"lazy\" decoding=\"async\" width=\"128\" height=\"77\" src=\"https:\/\/www.zav-zdruzenje.si\/wp-content\/uploads\/2017\/08\/wiener.png\" class=\"attachment-logo size-logo\" alt=\"\" \/><\/div><\/a><a href='https:\/\/www.zav-zdruzenje.si\/en\/clanice\/zavarovalnica-sava-d-d\/' class='clanica-wrapper'><div class='clanica-naslov'>Zavarovalnica Sava, d. d.<\/div><div class='clanica-slika-wrapper'><img loading=\"lazy\" decoding=\"async\" width=\"200\" height=\"70\" src=\"https:\/\/www.zav-zdruzenje.si\/wp-content\/uploads\/2017\/08\/sava-200x70.png\" class=\"attachment-logo size-logo\" alt=\"\" srcset=\"https:\/\/www.zav-zdruzenje.si\/wp-content\/uploads\/2017\/08\/sava-200x70.png 200w, https:\/\/www.zav-zdruzenje.si\/wp-content\/uploads\/2017\/08\/sava.png 219w\" sizes=\"auto, (max-width: 200px) 100vw, 200px\" \/><\/div><\/a><a href='https:\/\/www.zav-zdruzenje.si\/en\/clanice\/zavarovalnica-triglav-d-d\/' class='clanica-wrapper'><div class='clanica-naslov'>Zavarovalnica Triglav, d. d.<\/div><div class='clanica-slika-wrapper'><img loading=\"lazy\" decoding=\"async\" width=\"200\" height=\"85\" src=\"https:\/\/www.zav-zdruzenje.si\/wp-content\/uploads\/2017\/08\/logo_triglav-200x85.png\" class=\"attachment-logo size-logo\" alt=\"\" \/><\/div><\/a><\/div>\n<\/div><\/section>\n<section  class='av_textblock_section av-av_textblock-92865574bbbf40484af518887a759fd2 '   itemscope=\"itemscope\" itemtype=\"https:\/\/schema.org\/CreativeWork\" ><div class='avia_textblock smaller-width'  itemprop=\"text\" ><h3 id=\"non-regular-members\">Non-regular members<\/h3>\n<\/div><\/section>\n<section  class='av_textblock_section av-mnej9apg-1fb23dc0f9b90df3d890a9102afa0f18 '   itemscope=\"itemscope\" itemtype=\"https:\/\/schema.org\/CreativeWork\" ><div class='avia_textblock'  itemprop=\"text\" ><p><a href=\"https:\/\/ergo-versicherung.at\/\" target=\"_blank\" rel=\"noopener\">Ergo Versicherung AG<\/a><\/p>\n<p>Axis Specialty Europe SE<\/p>\n<p><a href=\"https:\/\/www.triglav.hr\/\">Triglav osiguranje d.d.<\/a><\/p>\n<p><a href=\"https:\/\/www.revoinsurance.com\/en\/\">Revo Insurance S.p.A.<\/a><\/p>\n<p><a href=\"http:\/\/www.afinsure.si\/\">Croatia Osiguranje d.d.<\/a><\/p>\n<\/div><\/section>\n<\/div><\/div><\/main><!-- close content main element --><\/div><\/div><div id='after_section_1'  class='main_color av_default_container_wrap container_wrap sidebar_right'  ><div class='container av-section-cont-open' ><div class='template-page content  av-content-small alpha units'><div class='post-entry post-entry-type-page post-entry-14534'><div class='entry-content-wrapper clearfix'>\n","protected":false},"excerpt":{"rendered":"","protected":false},"author":22,"featured_media":0,"parent":15652,"menu_order":0,"comment_status":"closed","ping_status":"closed","template":"","meta":{"footnotes":""},"class_list":["post-14534","page","type-page","status-publish","hentry"],"acf":[],"yoast_head":"<!-- This site is optimized with the Yoast SEO plugin v27.4 - https:\/\/yoast.com\/product\/yoast-seo-wordpress\/ -->\n<title>Members - Slovensko zavarovalno zdru\u017eenje<\/title>\n<meta name=\"robots\" content=\"index, follow, max-snippet:-1, max-image-preview:large, max-video-preview:-1\" \/>\n<link rel=\"canonical\" href=\"https:\/\/www.zav-zdruzenje.si\/en\/association\/members\/\" \/>\n<meta property=\"og:locale\" content=\"en_US\" \/>\n<meta property=\"og:type\" content=\"article\" \/>\n<meta property=\"og:title\" content=\"Members - Slovensko zavarovalno zdru\u017eenje\" \/>\n<meta property=\"og:url\" content=\"https:\/\/www.zav-zdruzenje.si\/en\/association\/members\/\" \/>\n<meta property=\"og:site_name\" content=\"Slovensko zavarovalno zdru\u017eenje\" \/>\n<meta property=\"article:modified_time\" content=\"2026-03-31T11:32:39+00:00\" \/>\n<meta name=\"twitter:card\" content=\"summary_large_image\" \/>\n<meta name=\"twitter:label1\" content=\"Est. reading time\" \/>\n\t<meta name=\"twitter:data1\" content=\"6 minutes\" \/>\n<script type=\"application\/ld+json\" class=\"yoast-schema-graph\">{\"@context\":\"https:\\\/\\\/schema.org\",\"@graph\":[{\"@type\":\"WebPage\",\"@id\":\"https:\\\/\\\/www.zav-zdruzenje.si\\\/en\\\/association\\\/members\\\/\",\"url\":\"https:\\\/\\\/www.zav-zdruzenje.si\\\/en\\\/association\\\/members\\\/\",\"name\":\"Members - Slovensko zavarovalno zdru\u017eenje\",\"isPartOf\":{\"@id\":\"https:\\\/\\\/www.zav-zdruzenje.si\\\/#website\"},\"datePublished\":\"2017-08-21T10:14:36+00:00\",\"dateModified\":\"2026-03-31T11:32:39+00:00\",\"breadcrumb\":{\"@id\":\"https:\\\/\\\/www.zav-zdruzenje.si\\\/en\\\/association\\\/members\\\/#breadcrumb\"},\"inLanguage\":\"en-US\",\"potentialAction\":[{\"@type\":\"ReadAction\",\"target\":[\"https:\\\/\\\/www.zav-zdruzenje.si\\\/en\\\/association\\\/members\\\/\"]}]},{\"@type\":\"BreadcrumbList\",\"@id\":\"https:\\\/\\\/www.zav-zdruzenje.si\\\/en\\\/association\\\/members\\\/#breadcrumb\",\"itemListElement\":[{\"@type\":\"ListItem\",\"position\":1,\"name\":\"Home\",\"item\":\"https:\\\/\\\/www.zav-zdruzenje.si\\\/en\\\/home\\\/\"},{\"@type\":\"ListItem\",\"position\":2,\"name\":\"Association\",\"item\":\"https:\\\/\\\/www.zav-zdruzenje.si\\\/en\\\/association\\\/\"},{\"@type\":\"ListItem\",\"position\":3,\"name\":\"Members\"}]},{\"@type\":\"WebSite\",\"@id\":\"https:\\\/\\\/www.zav-zdruzenje.si\\\/#website\",\"url\":\"https:\\\/\\\/www.zav-zdruzenje.si\\\/\",\"name\":\"Slovensko zavarovalno zdru\u017eenje\",\"description\":\"\",\"potentialAction\":[{\"@type\":\"SearchAction\",\"target\":{\"@type\":\"EntryPoint\",\"urlTemplate\":\"https:\\\/\\\/www.zav-zdruzenje.si\\\/?s={search_term_string}\"},\"query-input\":{\"@type\":\"PropertyValueSpecification\",\"valueRequired\":true,\"valueName\":\"search_term_string\"}}],\"inLanguage\":\"en-US\"}]}<\/script>\n<!-- \/ Yoast SEO plugin. -->","yoast_head_json":{"title":"Members - Slovensko zavarovalno zdru\u017eenje","robots":{"index":"index","follow":"follow","max-snippet":"max-snippet:-1","max-image-preview":"max-image-preview:large","max-video-preview":"max-video-preview:-1"},"canonical":"https:\/\/www.zav-zdruzenje.si\/en\/association\/members\/","og_locale":"en_US","og_type":"article","og_title":"Members - Slovensko zavarovalno zdru\u017eenje","og_url":"https:\/\/www.zav-zdruzenje.si\/en\/association\/members\/","og_site_name":"Slovensko zavarovalno zdru\u017eenje","article_modified_time":"2026-03-31T11:32:39+00:00","twitter_card":"summary_large_image","twitter_misc":{"Est. reading time":"6 minutes"},"schema":{"@context":"https:\/\/schema.org","@graph":[{"@type":"WebPage","@id":"https:\/\/www.zav-zdruzenje.si\/en\/association\/members\/","url":"https:\/\/www.zav-zdruzenje.si\/en\/association\/members\/","name":"Members - Slovensko zavarovalno zdru\u017eenje","isPartOf":{"@id":"https:\/\/www.zav-zdruzenje.si\/#website"},"datePublished":"2017-08-21T10:14:36+00:00","dateModified":"2026-03-31T11:32:39+00:00","breadcrumb":{"@id":"https:\/\/www.zav-zdruzenje.si\/en\/association\/members\/#breadcrumb"},"inLanguage":"en-US","potentialAction":[{"@type":"ReadAction","target":["https:\/\/www.zav-zdruzenje.si\/en\/association\/members\/"]}]},{"@type":"BreadcrumbList","@id":"https:\/\/www.zav-zdruzenje.si\/en\/association\/members\/#breadcrumb","itemListElement":[{"@type":"ListItem","position":1,"name":"Home","item":"https:\/\/www.zav-zdruzenje.si\/en\/home\/"},{"@type":"ListItem","position":2,"name":"Association","item":"https:\/\/www.zav-zdruzenje.si\/en\/association\/"},{"@type":"ListItem","position":3,"name":"Members"}]},{"@type":"WebSite","@id":"https:\/\/www.zav-zdruzenje.si\/#website","url":"https:\/\/www.zav-zdruzenje.si\/","name":"Slovensko zavarovalno zdru\u017eenje","description":"","potentialAction":[{"@type":"SearchAction","target":{"@type":"EntryPoint","urlTemplate":"https:\/\/www.zav-zdruzenje.si\/?s={search_term_string}"},"query-input":{"@type":"PropertyValueSpecification","valueRequired":true,"valueName":"search_term_string"}}],"inLanguage":"en-US"}]}},"post_mailing_queue_ids":[],"_links":{"self":[{"href":"https:\/\/www.zav-zdruzenje.si\/en\/wp-json\/wp\/v2\/pages\/14534","targetHints":{"allow":["GET"]}}],"collection":[{"href":"https:\/\/www.zav-zdruzenje.si\/en\/wp-json\/wp\/v2\/pages"}],"about":[{"href":"https:\/\/www.zav-zdruzenje.si\/en\/wp-json\/wp\/v2\/types\/page"}],"author":[{"embeddable":true,"href":"https:\/\/www.zav-zdruzenje.si\/en\/wp-json\/wp\/v2\/users\/22"}],"replies":[{"embeddable":true,"href":"https:\/\/www.zav-zdruzenje.si\/en\/wp-json\/wp\/v2\/comments?post=14534"}],"version-history":[{"count":20,"href":"https:\/\/www.zav-zdruzenje.si\/en\/wp-json\/wp\/v2\/pages\/14534\/revisions"}],"predecessor-version":[{"id":77243,"href":"https:\/\/www.zav-zdruzenje.si\/en\/wp-json\/wp\/v2\/pages\/14534\/revisions\/77243"}],"up":[{"embeddable":true,"href":"https:\/\/www.zav-zdruzenje.si\/en\/wp-json\/wp\/v2\/pages\/15652"}],"wp:attachment":[{"href":"https:\/\/www.zav-zdruzenje.si\/en\/wp-json\/wp\/v2\/media?parent=14534"}],"curies":[{"name":"wp","href":"https:\/\/api.w.org\/{rel}","templated":true}]}}