{"id":16807,"date":"2017-08-10T12:32:06","date_gmt":"2017-08-10T12:32:06","guid":{"rendered":"https:\/\/www.zav-zdruzenje.si\/publikacije\/"},"modified":"2020-06-29T11:30:15","modified_gmt":"2020-06-29T11:30:15","slug":"publications","status":"publish","type":"page","link":"https:\/\/www.zav-zdruzenje.si\/en\/publications\/","title":{"rendered":"Publications"},"content":{"rendered":"\n<style type=\"text\/css\" data-created_by=\"avia_inline_auto\" id=\"style-css-av-av_section-b725128cdd1b8bd7a73b4f0cb755216a\">\n.avia-section.av-av_section-b725128cdd1b8bd7a73b4f0cb755216a{\nbackground-color:#ededed;\nbackground-image:unset;\n}\n<\/style>\n<div id='pink-title'  class='avia-section av-av_section-b725128cdd1b8bd7a73b4f0cb755216a main_color avia-section-no-padding avia-no-border-styling  avia-builder-el-0  avia-builder-el-no-sibling  avia-bg-style-scroll container_wrap sidebar_right'  ><div class='container av-section-cont-open' ><main  role=\"main\" itemprop=\"mainContentOfPage\"  class='template-page content  av-content-small alpha units'><div class='post-entry post-entry-type-page post-entry-16807'><div class='entry-content-wrapper clearfix'>\n<section  class='av_textblock_section av-av_textblock-c4c9d256b1b67253495d40259ebc4740 '   itemscope=\"itemscope\" itemtype=\"https:\/\/schema.org\/CreativeWork\" ><div class='avia_textblock special-title'  itemprop=\"text\" ><h1 id=\"publikacije\">Publikacije<\/h1>\n<\/div><\/section>\n\n<style type=\"text\/css\" data-created_by=\"avia_inline_auto\" id=\"style-css-av-av_one_fourth-c75813809e267ca31e57881dce1c9d3f\">\n.flex_column.av-av_one_fourth-c75813809e267ca31e57881dce1c9d3f{\nborder-radius:0px 0px 0px 0px;\npadding:0px 0px 0px 0px;\n}\n<\/style>\n<div  class='flex_column av-av_one_fourth-c75813809e267ca31e57881dce1c9d3f av_one_fourth  avia-builder-el-2  el_after_av_textblock  el_before_av_one_fourth  pink-block first flex_column_div av-zero-column-padding  column-top-margin'     ><section  class='av_textblock_section av-av_textblock-2bd894dbf2e4bf2c4acf98ce4fbf94aa '   itemscope=\"itemscope\" itemtype=\"https:\/\/schema.org\/CreativeWork\" ><div class='avia_textblock'  itemprop=\"text\" ><h3 id=\"knjige\">Knjige<\/h3>\n<p>Pestra izbira knjig s podro\u010dja zavarovalni\u0161tva.<\/p>\n<\/div><\/section><br \/>\n<div  class='avia-button-wrap av-av_button-05f1897d80d4169ad88788efe16fce22-wrap avia-button-center  avia-builder-el-4  el_after_av_textblock  avia-builder-el-last  readmore'><a href='https:\/\/www.zav-zdruzenje.si\/en\/kategorije-publikacij\/books\/'  class='avia-button av-av_button-05f1897d80d4169ad88788efe16fce22 av-link-btn avia-icon_select-no avia-size-small avia-position-center avia-color-theme-color'   aria-label=\"Preberite si ve\u010d\"><span class='avia_iconbox_title' >Preberite si ve\u010d<\/span><\/a><\/div><\/p><\/div>\n<style type=\"text\/css\" data-created_by=\"avia_inline_auto\" id=\"style-css-av-av_one_fourth-07558d9e15e56c1fefe1965b0a5a1c65\">\n.flex_column.av-av_one_fourth-07558d9e15e56c1fefe1965b0a5a1c65{\nborder-radius:0px 0px 0px 0px;\npadding:0px 0px 0px 0px;\n}\n<\/style>\n<div  class='flex_column av-av_one_fourth-07558d9e15e56c1fefe1965b0a5a1c65 av_one_fourth  avia-builder-el-5  el_after_av_one_fourth  el_before_av_one_fourth  pink-block flex_column_div av-zero-column-padding  column-top-margin'     ><section  class='av_textblock_section av-av_textblock-2bd894dbf2e4bf2c4acf98ce4fbf94aa '   itemscope=\"itemscope\" itemtype=\"https:\/\/schema.org\/CreativeWork\" ><div class='avia_textblock'  itemprop=\"text\" ><h3 id=\"ucbeniki\">U\u010dbeniki<\/h3>\n<p>Gradivo za preizkus znanja za zavarovalne zastopnike in posrednike<\/p>\n<\/div><\/section><br \/>\n<div  class='avia-button-wrap av-av_button-cc6b395b7b55960d7498a75627c63a43-wrap avia-button-center  avia-builder-el-7  el_after_av_textblock  avia-builder-el-last  readmore'><a href='https:\/\/www.zav-zdruzenje.si\/en\/kategorije-publikacij\/textbooks\/'  class='avia-button av-av_button-cc6b395b7b55960d7498a75627c63a43 av-link-btn avia-icon_select-no avia-size-small avia-position-center avia-color-theme-color'   aria-label=\"Preberite si ve\u010d\"><span class='avia_iconbox_title' >Preberite si ve\u010d<\/span><\/a><\/div><\/p><\/div>\n<style type=\"text\/css\" data-created_by=\"avia_inline_auto\" id=\"style-css-av-av_one_fourth-07558d9e15e56c1fefe1965b0a5a1c65\">\n.flex_column.av-av_one_fourth-07558d9e15e56c1fefe1965b0a5a1c65{\nborder-radius:0px 0px 0px 0px;\npadding:0px 0px 0px 0px;\n}\n<\/style>\n<div  class='flex_column av-av_one_fourth-07558d9e15e56c1fefe1965b0a5a1c65 av_one_fourth  avia-builder-el-8  el_after_av_one_fourth  el_before_av_one_fourth  pink-block flex_column_div av-zero-column-padding  column-top-margin'     ><section  class='av_textblock_section av-av_textblock-2bd894dbf2e4bf2c4acf98ce4fbf94aa '   itemscope=\"itemscope\" itemtype=\"https:\/\/schema.org\/CreativeWork\" ><div class='avia_textblock'  itemprop=\"text\" ><h3 id=\"statisticne-publikacije\">Statisti\u010dne publikacije<\/h3>\n<p>Statisti\u010dni zavarovalni\u0161ki bilten, Zavarovanja motornih vozil<\/p>\n<\/div><\/section><br \/>\n<div  class='avia-button-wrap av-av_button-55c824b5ef7117d0b436097a7c1d984c-wrap avia-button-center  avia-builder-el-10  el_after_av_textblock  avia-builder-el-last  readmore'><a href='https:\/\/www.zav-zdruzenje.si\/en\/publications\/statistical-publications\/'  class='avia-button av-av_button-55c824b5ef7117d0b436097a7c1d984c av-link-btn avia-icon_select-no avia-size-small avia-position-center avia-color-theme-color'   aria-label=\"Preberite si ve\u010d\"><span class='avia_iconbox_title' >Preberite si ve\u010d<\/span><\/a><\/div><\/p><\/div>\n<style type=\"text\/css\" data-created_by=\"avia_inline_auto\" id=\"style-css-av-av_one_fourth-07558d9e15e56c1fefe1965b0a5a1c65\">\n.flex_column.av-av_one_fourth-07558d9e15e56c1fefe1965b0a5a1c65{\nborder-radius:0px 0px 0px 0px;\npadding:0px 0px 0px 0px;\n}\n<\/style>\n<div  class='flex_column av-av_one_fourth-07558d9e15e56c1fefe1965b0a5a1c65 av_one_fourth  avia-builder-el-11  el_after_av_one_fourth  el_before_av_one_fourth  pink-block flex_column_div av-zero-column-padding  column-top-margin'     ><section  class='av_textblock_section av-av_textblock-2bd894dbf2e4bf2c4acf98ce4fbf94aa '   itemscope=\"itemscope\" itemtype=\"https:\/\/schema.org\/CreativeWork\" ><div class='avia_textblock'  itemprop=\"text\" ><h3 id=\"revije\">Revije<\/h3>\n<p>Zavarovalni\u0161ki horizonti<\/p>\n<\/div><\/section><br \/>\n<div  class='avia-button-wrap av-av_button-8803c915da1d1d05bac7657e8e486ea1-wrap avia-button-center  avia-builder-el-13  el_after_av_textblock  avia-builder-el-last  readmore'><a href='https:\/\/www.zav-zdruzenje.si\/en\/kategorije-publikacij\/magazines\/'  class='avia-button av-av_button-8803c915da1d1d05bac7657e8e486ea1 av-link-btn avia-icon_select-no avia-size-small avia-position-center avia-color-theme-color'   aria-label=\"Preberite si ve\u010d\"><span class='avia_iconbox_title' >Preberite si ve\u010d<\/span><\/a><\/div><\/p><\/div>\n<style type=\"text\/css\" data-created_by=\"avia_inline_auto\" id=\"style-css-av-av_one_fourth-c75813809e267ca31e57881dce1c9d3f\">\n.flex_column.av-av_one_fourth-c75813809e267ca31e57881dce1c9d3f{\nborder-radius:0px 0px 0px 0px;\npadding:0px 0px 0px 0px;\n}\n<\/style>\n<div  class='flex_column av-av_one_fourth-c75813809e267ca31e57881dce1c9d3f av_one_fourth  avia-builder-el-14  el_after_av_one_fourth  el_before_av_one_fourth  pink-block first flex_column_div av-zero-column-padding  column-top-margin'     ><section  class='av_textblock_section av-av_textblock-2bd894dbf2e4bf2c4acf98ce4fbf94aa '   itemscope=\"itemscope\" itemtype=\"https:\/\/schema.org\/CreativeWork\" ><div class='avia_textblock'  itemprop=\"text\" ><h3 id=\"brosure\">Bro\u0161ure<\/h3>\n<p>Informativne bro\u0161ure s podro\u010dja zavarovalni\u0161tva.<\/p>\n<\/div><\/section><br \/>\n<div  class='avia-button-wrap av-av_button-54d7bf4c45b574c141e35828bfa2d20d-wrap avia-button-center  avia-builder-el-16  el_after_av_textblock  avia-builder-el-last  readmore'><a href='https:\/\/www.zav-zdruzenje.si\/en\/kategorije-publikacij\/brochures\/'  class='avia-button av-av_button-54d7bf4c45b574c141e35828bfa2d20d av-link-btn avia-icon_select-no avia-size-small avia-position-center avia-color-theme-color'   aria-label=\"Preberite si ve\u010d\"><span class='avia_iconbox_title' >Preberite si ve\u010d<\/span><\/a><\/div><\/p><\/div>\n<style type=\"text\/css\" data-created_by=\"avia_inline_auto\" id=\"style-css-av-av_one_fourth-07558d9e15e56c1fefe1965b0a5a1c65\">\n.flex_column.av-av_one_fourth-07558d9e15e56c1fefe1965b0a5a1c65{\nborder-radius:0px 0px 0px 0px;\npadding:0px 0px 0px 0px;\n}\n<\/style>\n<div  class='flex_column av-av_one_fourth-07558d9e15e56c1fefe1965b0a5a1c65 av_one_fourth  avia-builder-el-17  el_after_av_one_fourth  avia-builder-el-last  pink-block flex_column_div av-zero-column-padding  column-top-margin'     ><section  class='av_textblock_section av-av_textblock-2bd894dbf2e4bf2c4acf98ce4fbf94aa '   itemscope=\"itemscope\" itemtype=\"https:\/\/schema.org\/CreativeWork\" ><div class='avia_textblock'  itemprop=\"text\" ><h3 id=\"ostalo\">Ostalo<\/h3>\n<p>Razli\u010dni projekti.<\/p>\n<\/div><\/section><br \/>\n<div  class='avia-button-wrap av-av_button-37d8b2fad9c4a853a3fc89d10327cc99-wrap avia-button-center  avia-builder-el-19  el_after_av_textblock  avia-builder-el-last  readmore'><a href='https:\/\/www.zav-zdruzenje.si\/en\/kategorije-publikacij\/other\/'  class='avia-button av-av_button-37d8b2fad9c4a853a3fc89d10327cc99 av-link-btn avia-icon_select-no avia-size-small avia-position-center avia-color-theme-color'   aria-label=\"Preberite si ve\u010d\"><span class='avia_iconbox_title' >Preberite si ve\u010d<\/span><\/a><\/div><\/p><\/div><\/div><\/div><\/main><!-- close content main element --><\/div><\/div><div id='after_section_1'  class='main_color av_default_container_wrap container_wrap sidebar_right'  ><div class='container av-section-cont-open' ><div class='template-page content  av-content-small alpha units'><div class='post-entry post-entry-type-page post-entry-16807'><div class='entry-content-wrapper clearfix'>\n","protected":false},"excerpt":{"rendered":"","protected":false},"author":22,"featured_media":0,"parent":0,"menu_order":0,"comment_status":"closed","ping_status":"closed","template":"","meta":{"footnotes":""},"class_list":["post-16807","page","type-page","status-publish","hentry"],"acf":[],"yoast_head":"<!-- This site is optimized with the Yoast SEO plugin v27.4 - https:\/\/yoast.com\/product\/yoast-seo-wordpress\/ -->\n<title>Knjige, u\u010dbeniki, revije in statisti\u010dne publikacije - SZZ<\/title>\n<meta name=\"description\" content=\"Na povezavi nudimo pestro izbiro knjig, statisti\u010dnih zavarovalni\u0161kih biltenov, u\u010dbenikov, revij in bro\u0161ur s podro\u010dja zavarovalni\u0161tva.\" \/>\n<meta name=\"robots\" content=\"index, follow, max-snippet:-1, max-image-preview:large, max-video-preview:-1\" \/>\n<link rel=\"canonical\" href=\"https:\/\/www.zav-zdruzenje.si\/en\/publications\/\" \/>\n<meta property=\"og:locale\" content=\"en_US\" \/>\n<meta property=\"og:type\" content=\"article\" \/>\n<meta property=\"og:title\" content=\"Knjige, u\u010dbeniki, revije in statisti\u010dne publikacije - SZZ\" \/>\n<meta property=\"og:description\" content=\"Na povezavi nudimo pestro izbiro knjig, statisti\u010dnih zavarovalni\u0161kih biltenov, u\u010dbenikov, revij in bro\u0161ur s podro\u010dja zavarovalni\u0161tva.\" \/>\n<meta property=\"og:url\" content=\"https:\/\/www.zav-zdruzenje.si\/en\/publications\/\" \/>\n<meta property=\"og:site_name\" content=\"Slovensko zavarovalno zdru\u017eenje\" \/>\n<meta property=\"article:modified_time\" content=\"2020-06-29T11:30:15+00:00\" \/>\n<meta name=\"twitter:card\" content=\"summary_large_image\" \/>\n<meta name=\"twitter:label1\" content=\"Est. reading time\" \/>\n\t<meta name=\"twitter:data1\" content=\"5 minutes\" \/>\n<script type=\"application\/ld+json\" class=\"yoast-schema-graph\">{\"@context\":\"https:\\\/\\\/schema.org\",\"@graph\":[{\"@type\":\"WebPage\",\"@id\":\"https:\\\/\\\/www.zav-zdruzenje.si\\\/en\\\/publications\\\/\",\"url\":\"https:\\\/\\\/www.zav-zdruzenje.si\\\/en\\\/publications\\\/\",\"name\":\"Knjige, u\u010dbeniki, revije in statisti\u010dne publikacije - SZZ\",\"isPartOf\":{\"@id\":\"https:\\\/\\\/www.zav-zdruzenje.si\\\/#website\"},\"datePublished\":\"2017-08-10T12:32:06+00:00\",\"dateModified\":\"2020-06-29T11:30:15+00:00\",\"description\":\"Na povezavi nudimo pestro izbiro knjig, statisti\u010dnih zavarovalni\u0161kih biltenov, u\u010dbenikov, revij in bro\u0161ur s podro\u010dja zavarovalni\u0161tva.\",\"breadcrumb\":{\"@id\":\"https:\\\/\\\/www.zav-zdruzenje.si\\\/en\\\/publications\\\/#breadcrumb\"},\"inLanguage\":\"en-US\",\"potentialAction\":[{\"@type\":\"ReadAction\",\"target\":[\"https:\\\/\\\/www.zav-zdruzenje.si\\\/en\\\/publications\\\/\"]}]},{\"@type\":\"BreadcrumbList\",\"@id\":\"https:\\\/\\\/www.zav-zdruzenje.si\\\/en\\\/publications\\\/#breadcrumb\",\"itemListElement\":[{\"@type\":\"ListItem\",\"position\":1,\"name\":\"Home\",\"item\":\"https:\\\/\\\/www.zav-zdruzenje.si\\\/en\\\/home\\\/\"},{\"@type\":\"ListItem\",\"position\":2,\"name\":\"Publications\"}]},{\"@type\":\"WebSite\",\"@id\":\"https:\\\/\\\/www.zav-zdruzenje.si\\\/#website\",\"url\":\"https:\\\/\\\/www.zav-zdruzenje.si\\\/\",\"name\":\"Slovensko zavarovalno zdru\u017eenje\",\"description\":\"\",\"potentialAction\":[{\"@type\":\"SearchAction\",\"target\":{\"@type\":\"EntryPoint\",\"urlTemplate\":\"https:\\\/\\\/www.zav-zdruzenje.si\\\/?s={search_term_string}\"},\"query-input\":{\"@type\":\"PropertyValueSpecification\",\"valueRequired\":true,\"valueName\":\"search_term_string\"}}],\"inLanguage\":\"en-US\"}]}<\/script>\n<!-- \/ Yoast SEO plugin. -->","yoast_head_json":{"title":"Knjige, u\u010dbeniki, revije in statisti\u010dne publikacije - SZZ","description":"Na povezavi nudimo pestro izbiro knjig, statisti\u010dnih zavarovalni\u0161kih biltenov, u\u010dbenikov, revij in bro\u0161ur s podro\u010dja zavarovalni\u0161tva.","robots":{"index":"index","follow":"follow","max-snippet":"max-snippet:-1","max-image-preview":"max-image-preview:large","max-video-preview":"max-video-preview:-1"},"canonical":"https:\/\/www.zav-zdruzenje.si\/en\/publications\/","og_locale":"en_US","og_type":"article","og_title":"Knjige, u\u010dbeniki, revije in statisti\u010dne publikacije - SZZ","og_description":"Na povezavi nudimo pestro izbiro knjig, statisti\u010dnih zavarovalni\u0161kih biltenov, u\u010dbenikov, revij in bro\u0161ur s podro\u010dja zavarovalni\u0161tva.","og_url":"https:\/\/www.zav-zdruzenje.si\/en\/publications\/","og_site_name":"Slovensko zavarovalno zdru\u017eenje","article_modified_time":"2020-06-29T11:30:15+00:00","twitter_card":"summary_large_image","twitter_misc":{"Est. reading time":"5 minutes"},"schema":{"@context":"https:\/\/schema.org","@graph":[{"@type":"WebPage","@id":"https:\/\/www.zav-zdruzenje.si\/en\/publications\/","url":"https:\/\/www.zav-zdruzenje.si\/en\/publications\/","name":"Knjige, u\u010dbeniki, revije in statisti\u010dne publikacije - SZZ","isPartOf":{"@id":"https:\/\/www.zav-zdruzenje.si\/#website"},"datePublished":"2017-08-10T12:32:06+00:00","dateModified":"2020-06-29T11:30:15+00:00","description":"Na povezavi nudimo pestro izbiro knjig, statisti\u010dnih zavarovalni\u0161kih biltenov, u\u010dbenikov, revij in bro\u0161ur s podro\u010dja zavarovalni\u0161tva.","breadcrumb":{"@id":"https:\/\/www.zav-zdruzenje.si\/en\/publications\/#breadcrumb"},"inLanguage":"en-US","potentialAction":[{"@type":"ReadAction","target":["https:\/\/www.zav-zdruzenje.si\/en\/publications\/"]}]},{"@type":"BreadcrumbList","@id":"https:\/\/www.zav-zdruzenje.si\/en\/publications\/#breadcrumb","itemListElement":[{"@type":"ListItem","position":1,"name":"Home","item":"https:\/\/www.zav-zdruzenje.si\/en\/home\/"},{"@type":"ListItem","position":2,"name":"Publications"}]},{"@type":"WebSite","@id":"https:\/\/www.zav-zdruzenje.si\/#website","url":"https:\/\/www.zav-zdruzenje.si\/","name":"Slovensko zavarovalno zdru\u017eenje","description":"","potentialAction":[{"@type":"SearchAction","target":{"@type":"EntryPoint","urlTemplate":"https:\/\/www.zav-zdruzenje.si\/?s={search_term_string}"},"query-input":{"@type":"PropertyValueSpecification","valueRequired":true,"valueName":"search_term_string"}}],"inLanguage":"en-US"}]}},"post_mailing_queue_ids":[],"_links":{"self":[{"href":"https:\/\/www.zav-zdruzenje.si\/en\/wp-json\/wp\/v2\/pages\/16807","targetHints":{"allow":["GET"]}}],"collection":[{"href":"https:\/\/www.zav-zdruzenje.si\/en\/wp-json\/wp\/v2\/pages"}],"about":[{"href":"https:\/\/www.zav-zdruzenje.si\/en\/wp-json\/wp\/v2\/types\/page"}],"author":[{"embeddable":true,"href":"https:\/\/www.zav-zdruzenje.si\/en\/wp-json\/wp\/v2\/users\/22"}],"replies":[{"embeddable":true,"href":"https:\/\/www.zav-zdruzenje.si\/en\/wp-json\/wp\/v2\/comments?post=16807"}],"version-history":[{"count":6,"href":"https:\/\/www.zav-zdruzenje.si\/en\/wp-json\/wp\/v2\/pages\/16807\/revisions"}],"predecessor-version":[{"id":71982,"href":"https:\/\/www.zav-zdruzenje.si\/en\/wp-json\/wp\/v2\/pages\/16807\/revisions\/71982"}],"wp:attachment":[{"href":"https:\/\/www.zav-zdruzenje.si\/en\/wp-json\/wp\/v2\/media?parent=16807"}],"curies":[{"name":"wp","href":"https:\/\/api.w.org\/{rel}","templated":true}]}}